{"id":39,"date":"2012-10-15T19:17:54","date_gmt":"2012-10-15T17:17:54","guid":{"rendered":"http:\/\/mail2.bulls.se:8070\/?page_id=39"},"modified":"2025-09-11T16:39:52","modified_gmt":"2025-09-11T14:39:52","slug":"ledamoter","status":"publish","type":"page","link":"http:\/\/ns2.serieakademin.se\/en\/historik\/ledamoter","title":{"rendered":"Ledam\u00f6ter"},"content":{"rendered":"<p><\/p>\n<h3>The Academy&#8217;s first 18 Members:<\/h3>\n<p>1. Sture Hegerfors (president), journalist, G\u00f6teborg<br \/>\n2. Bo Karlsson, redakt\u00f6r och gallerist, Stockholm<br \/>\n3. Lars Hillersberg, konstn\u00e4r, Stockholm<br \/>\n4. Ulf Rahmberg, konstn\u00e4r, Stockholm<br \/>\n5. Karl-Olov Bj\u00f6rk, konstn\u00e4r, Stockholm<br \/>\n6. Gunnar Ohrlander, journalist, Stockholm<br \/>\n7. Ludvig Rasmusson, journalist, Stockholm<br \/>\n8. Bo Str\u00f6mstedt, redakt\u00f6r, Stockholm<br \/>\n9. Lasse O\u2019M\u00e5nsson, redakt\u00f6r, Stockholm<br \/>\n10. Leif Nyl\u00e9n, f\u00f6rfattare, Stockholm<br \/>\n11. Stellan Nehlmark, fil stud, G\u00f6teborg<br \/>\n12. Peter Lundberg, fil kand, G\u00f6teborg<br \/>\n13. Jan Hannerz, l\u00e4kare, Stockholm<br \/>\n14. Peter Wanger, l\u00e4kare, Stockholm<br \/>\n15. Staffan Lund, l\u00e4kare, G\u00f6teborg<br \/>\n16. Kjell Logenius, direkt\u00f6r, G\u00f6teborg<br \/>\n17. Lars Becker, direkt\u00f6r, G\u00f6teborg<br \/>\n18. Peter Norberg, reklamkonsulent, G\u00f6teborg.<\/p>\n<div id=\"attachment_240\" style=\"width: 1410px\" class=\"wp-caption alignnone\"><a href=\"\/wp-content\/uploads\/2013\/09\/akademigrupp1.jpg\"><img loading=\"lazy\" decoding=\"async\" aria-describedby=\"caption-attachment-240\" class=\"size-full wp-image-240  \" src=\"\/wp-content\/uploads\/2013\/09\/akademigrupp1.jpg\" alt=\"Akademins ledam\u00f6ter samlade \u00e5r xxxx.\" width=\"1400\" height=\"1021\" srcset=\"http:\/\/ns2.serieakademin.se\/wp-content\/uploads\/2013\/09\/akademigrupp1.jpg 1400w, http:\/\/ns2.serieakademin.se\/wp-content\/uploads\/2013\/09\/akademigrupp1-300x219.jpg 300w, http:\/\/ns2.serieakademin.se\/wp-content\/uploads\/2013\/09\/akademigrupp1-1024x747.jpg 1024w\" sizes=\"auto, (max-width: 1400px) 100vw, 1400px\" \/><\/a><p id=\"caption-attachment-240\" class=\"wp-caption-text\">A meeting of the Academy in 1995. Back row: Stig H Wiklund, Per S\u00f6derberg, Klas Danielsson, Per Olof Inde, Daniel von Sydow, Ray Ojanen, and Stellan Nehlmark.<br \/>Middle row: Cia Edstr\u00f6m, Sven Lidman, Sture Hegerfors, and Olle Nessle.<br \/>Floor: Lasse \u00c5berg.<\/p><\/div>\n<h3>Members of the Academy 2025:<\/h3>\n<p>1. Sture Hegerfors (president), f\u00f6rfattare, G\u00f6teborg<br \/>\n2. Elin Jansson, bibliotekarie, Stockholm<br \/>\n3. Lotta Fjelkeg\u00e5rd, redakt\u00f6r, Solna<br \/>\n4. Linda Tranquist, konstpedagog, Ljungby<br \/>\n5. Ray Ojanen, frilans, G\u00f6teborg<br \/>\n6. Stig H Wiklund, journalist, Liding\u00f6<br \/>\n7. Klas Danielsson, \u00f6vers\u00e4ttare, H\u00e4gersten<br \/>\n8. Lasse \u00c5berg, kreat\u00f6r, B\u00e5lsta<br \/>\n9. Nene Ormes, f\u00f6rfattare, Malm\u00f6<br \/>\n10. Cia Edstr\u00f6m, filmkonsulent, G\u00f6teborg<br \/>\n11. Per S\u00f6derberg, redakt\u00f6r, Lund<br \/>\n12. Pidde Andersson, f\u00f6rfattare och journalist, G\u00f6teborg<br \/>\n13. Thomas Storn, arkivarie, Lund<br \/>\n14. Olle Dahll\u00f6f, journalist, Uppsala<br \/>\n15. Johanna Koljonen, f\u00f6rfattare, Malm\u00f6<br \/>\n16. Zara Blidevik, marknadskonsulent, Lilla Edet<br \/>\n17. Rolf Lindby, redakt\u00f6r och IT-chef, Segeltorp<br \/>\n18. Anna Larsson, formgivare, G\u00f6teborg.<\/p>\n<p><strong>The Advisory Council of the Academy<\/strong> &#8220;with supportive and advisory functions&#8221; was founded in 1990. Council members: Per-Olof Inde, reklamchef, Stockholm; Mark Evans, grafisk formgivare, Stockholm;<\/p>\n<p><em>Earlier Members of the Academy<\/em>:<br \/>\nRoland Adlerberth, \u00f6vers\u00e4ttare, Lerum; Bengt Anderberg, f\u00f6rfattare, Bornholm; Lars-Gunnar Bj\u00f6rklund, marknadschef, T\u00e4by; Sofia Dahlgren, dataspelsutvecklare, Malm\u00f6; Ulla Fors\u00e9n, bibliotekarie, G\u00f6teborg; Jan Hemmel, tv-regiss\u00f6r, Malm\u00f6; Anna Hultgren, redakt\u00f6r, Stockholm; Bo A Karlsson, redakt\u00f6r, G\u00f6teborg; Magnus Knutsson, serief\u00f6rfattare, Liding\u00f6; Sven H G Lagerstr\u00f6m, kamrer, Bor\u00e5s; Sven Lidman, lexikograf, Stockholm; Peter Lundberg, tv-producent, G\u00f6teborg; Bo Lundin, redakt\u00f6r, G\u00f6teborg; Janne Lundstr\u00f6m, redakt\u00f6r och f\u00f6rfattare, Farsta; Stig L\u00f6fstrand, konsult, Stockholm; Lars Mossberg, teckningsl\u00e4rare, Stockholm; \u00c5ke Nelander, statsvetare, G\u00f6teborg; Joakim Pirinen, tecknare och f\u00f6rfattare, Stockholm; \u00c5ke Runnquist, f\u00f6rlagsdirekt\u00f6r, Stockholm; Hans Sid\u00e9n, journalist, S\u00e4vedalen; Bo H Skoglund, journalist, G\u00f6teborg.<\/p>","protected":false},"excerpt":{"rendered":"<p>The Academy&#8217;s first 18 Members: 1. Sture Hegerfors (president), journalist, G\u00f6teborg 2. Bo Karlsson, redakt\u00f6r och gallerist, Stockholm 3. Lars Hillersberg, konstn\u00e4r, Stockholm 4. Ulf Rahmberg, konstn\u00e4r, Stockholm 5. Karl-Olov Bj\u00f6rk, konstn\u00e4r, Stockholm 6. Gunnar Ohrlander, journalist, Stockholm 7. Ludvig<span class=\"ellipsis\">&hellip;<\/span><\/p>\n<div class=\"read-more\"><a href=\"http:\/\/ns2.serieakademin.se\/en\/historik\/ledamoter\">Read more &#8250;<\/a><\/div>\n<p><!-- end of .read-more --><\/p>\n","protected":false},"author":1,"featured_media":929,"parent":5,"menu_order":0,"comment_status":"closed","ping_status":"open","template":"","meta":{"footnotes":""},"class_list":["post-39","page","type-page","status-publish","has-post-thumbnail","hentry"],"yoast_head":"<!-- This site is optimized with the Yoast SEO plugin v26.6 - https:\/\/yoast.com\/wordpress\/plugins\/seo\/ -->\n<title>Ledam\u00f6ter - Svenska Serieakademin<\/title>\n<meta name=\"description\" content=\"F\u00f6rteckning \u00f6ver Svenska Serieakademins ledam\u00f6ter.\" \/>\n<meta name=\"robots\" content=\"index, follow, max-snippet:-1, max-image-preview:large, max-video-preview:-1\" \/>\n<link rel=\"canonical\" href=\"http:\/\/svenskaserieakademin.se\/en\/historik\/ledamoter\" \/>\n<meta name=\"twitter:label1\" content=\"Est. reading time\" \/>\n\t<meta name=\"twitter:data1\" content=\"5 minutes\" \/>\n<script type=\"application\/ld+json\" class=\"yoast-schema-graph\">{\"@context\":\"https:\/\/schema.org\",\"@graph\":[{\"@type\":\"WebPage\",\"@id\":\"http:\/\/svenskaserieakademin.se\/en\/historik\/ledamoter\",\"url\":\"http:\/\/svenskaserieakademin.se\/en\/historik\/ledamoter\",\"name\":\"Ledam\u00f6ter - Svenska Serieakademin\",\"isPartOf\":{\"@id\":\"http:\/\/193-44-159-78.customer.telia.com\/en\/#website\"},\"primaryImageOfPage\":{\"@id\":\"http:\/\/svenskaserieakademin.se\/en\/historik\/ledamoter#primaryimage\"},\"image\":{\"@id\":\"http:\/\/svenskaserieakademin.se\/en\/historik\/ledamoter#primaryimage\"},\"thumbnailUrl\":\"http:\/\/ns2.serieakademin.se\/wp-content\/uploads\/2019\/06\/Gruppbild-1971.jpg\",\"datePublished\":\"2012-10-15T17:17:54+00:00\",\"dateModified\":\"2025-09-11T14:39:52+00:00\",\"description\":\"F\u00f6rteckning \u00f6ver Svenska Serieakademins ledam\u00f6ter.\",\"breadcrumb\":{\"@id\":\"http:\/\/svenskaserieakademin.se\/en\/historik\/ledamoter#breadcrumb\"},\"inLanguage\":\"en-US\",\"potentialAction\":[{\"@type\":\"ReadAction\",\"target\":[\"http:\/\/svenskaserieakademin.se\/en\/historik\/ledamoter\"]}]},{\"@type\":\"ImageObject\",\"inLanguage\":\"en-US\",\"@id\":\"http:\/\/svenskaserieakademin.se\/en\/historik\/ledamoter#primaryimage\",\"url\":\"http:\/\/ns2.serieakademin.se\/wp-content\/uploads\/2019\/06\/Gruppbild-1971.jpg\",\"contentUrl\":\"http:\/\/ns2.serieakademin.se\/wp-content\/uploads\/2019\/06\/Gruppbild-1971.jpg\",\"width\":1293,\"height\":950,\"caption\":\"\u00d6verst: Stellan Nehlmark, Hans Sid\u00e9n, Sven H G Lagerstr\u00f6m, Roland Adlerberth, \u00c5ke Nelander och Bo Lundin. Nederst: Peter Lundberg, Ray King Ojanen och Sture Hegerfors.\"},{\"@type\":\"BreadcrumbList\",\"@id\":\"http:\/\/svenskaserieakademin.se\/en\/historik\/ledamoter#breadcrumb\",\"itemListElement\":[{\"@type\":\"ListItem\",\"position\":1,\"name\":\"Hem\",\"item\":\"http:\/\/193-44-159-78.customer.telia.com\/en\/\"},{\"@type\":\"ListItem\",\"position\":2,\"name\":\"Svenska Serieakademin\",\"item\":\"http:\/\/svenskaserieakademin.se\/en\/historik\"},{\"@type\":\"ListItem\",\"position\":3,\"name\":\"Ledam\u00f6ter\"}]},{\"@type\":\"WebSite\",\"@id\":\"http:\/\/193-44-159-78.customer.telia.com\/en\/#website\",\"url\":\"http:\/\/193-44-159-78.customer.telia.com\/en\/\",\"name\":\"Svenska Serieakademin\",\"description\":\"Sk\u00e4mt och allvar\",\"potentialAction\":[{\"@type\":\"SearchAction\",\"target\":{\"@type\":\"EntryPoint\",\"urlTemplate\":\"http:\/\/193-44-159-78.customer.telia.com\/en\/?s={search_term_string}\"},\"query-input\":{\"@type\":\"PropertyValueSpecification\",\"valueRequired\":true,\"valueName\":\"search_term_string\"}}],\"inLanguage\":\"en-US\"}]}<\/script>\n<!-- \/ Yoast SEO plugin. -->","yoast_head_json":{"title":"Ledam\u00f6ter - Svenska Serieakademin","description":"F\u00f6rteckning \u00f6ver Svenska Serieakademins ledam\u00f6ter.","robots":{"index":"index","follow":"follow","max-snippet":"max-snippet:-1","max-image-preview":"max-image-preview:large","max-video-preview":"max-video-preview:-1"},"canonical":"http:\/\/svenskaserieakademin.se\/en\/historik\/ledamoter","twitter_misc":{"Est. reading time":"5 minutes"},"schema":{"@context":"https:\/\/schema.org","@graph":[{"@type":"WebPage","@id":"http:\/\/svenskaserieakademin.se\/en\/historik\/ledamoter","url":"http:\/\/svenskaserieakademin.se\/en\/historik\/ledamoter","name":"Ledam\u00f6ter - Svenska Serieakademin","isPartOf":{"@id":"http:\/\/193-44-159-78.customer.telia.com\/en\/#website"},"primaryImageOfPage":{"@id":"http:\/\/svenskaserieakademin.se\/en\/historik\/ledamoter#primaryimage"},"image":{"@id":"http:\/\/svenskaserieakademin.se\/en\/historik\/ledamoter#primaryimage"},"thumbnailUrl":"http:\/\/ns2.serieakademin.se\/wp-content\/uploads\/2019\/06\/Gruppbild-1971.jpg","datePublished":"2012-10-15T17:17:54+00:00","dateModified":"2025-09-11T14:39:52+00:00","description":"F\u00f6rteckning \u00f6ver Svenska Serieakademins ledam\u00f6ter.","breadcrumb":{"@id":"http:\/\/svenskaserieakademin.se\/en\/historik\/ledamoter#breadcrumb"},"inLanguage":"en-US","potentialAction":[{"@type":"ReadAction","target":["http:\/\/svenskaserieakademin.se\/en\/historik\/ledamoter"]}]},{"@type":"ImageObject","inLanguage":"en-US","@id":"http:\/\/svenskaserieakademin.se\/en\/historik\/ledamoter#primaryimage","url":"http:\/\/ns2.serieakademin.se\/wp-content\/uploads\/2019\/06\/Gruppbild-1971.jpg","contentUrl":"http:\/\/ns2.serieakademin.se\/wp-content\/uploads\/2019\/06\/Gruppbild-1971.jpg","width":1293,"height":950,"caption":"\u00d6verst: Stellan Nehlmark, Hans Sid\u00e9n, Sven H G Lagerstr\u00f6m, Roland Adlerberth, \u00c5ke Nelander och Bo Lundin. Nederst: Peter Lundberg, Ray King Ojanen och Sture Hegerfors."},{"@type":"BreadcrumbList","@id":"http:\/\/svenskaserieakademin.se\/en\/historik\/ledamoter#breadcrumb","itemListElement":[{"@type":"ListItem","position":1,"name":"Hem","item":"http:\/\/193-44-159-78.customer.telia.com\/en\/"},{"@type":"ListItem","position":2,"name":"Svenska Serieakademin","item":"http:\/\/svenskaserieakademin.se\/en\/historik"},{"@type":"ListItem","position":3,"name":"Ledam\u00f6ter"}]},{"@type":"WebSite","@id":"http:\/\/193-44-159-78.customer.telia.com\/en\/#website","url":"http:\/\/193-44-159-78.customer.telia.com\/en\/","name":"Svenska Serieakademin","description":"Sk\u00e4mt och allvar","potentialAction":[{"@type":"SearchAction","target":{"@type":"EntryPoint","urlTemplate":"http:\/\/193-44-159-78.customer.telia.com\/en\/?s={search_term_string}"},"query-input":{"@type":"PropertyValueSpecification","valueRequired":true,"valueName":"search_term_string"}}],"inLanguage":"en-US"}]}},"_links":{"self":[{"href":"http:\/\/ns2.serieakademin.se\/en\/wp-json\/wp\/v2\/pages\/39","targetHints":{"allow":["GET"]}}],"collection":[{"href":"http:\/\/ns2.serieakademin.se\/en\/wp-json\/wp\/v2\/pages"}],"about":[{"href":"http:\/\/ns2.serieakademin.se\/en\/wp-json\/wp\/v2\/types\/page"}],"author":[{"embeddable":true,"href":"http:\/\/ns2.serieakademin.se\/en\/wp-json\/wp\/v2\/users\/1"}],"replies":[{"embeddable":true,"href":"http:\/\/ns2.serieakademin.se\/en\/wp-json\/wp\/v2\/comments?post=39"}],"version-history":[{"count":12,"href":"http:\/\/ns2.serieakademin.se\/en\/wp-json\/wp\/v2\/pages\/39\/revisions"}],"predecessor-version":[{"id":1417,"href":"http:\/\/ns2.serieakademin.se\/en\/wp-json\/wp\/v2\/pages\/39\/revisions\/1417"}],"up":[{"embeddable":true,"href":"http:\/\/ns2.serieakademin.se\/en\/wp-json\/wp\/v2\/pages\/5"}],"wp:featuredmedia":[{"embeddable":true,"href":"http:\/\/ns2.serieakademin.se\/en\/wp-json\/wp\/v2\/media\/929"}],"wp:attachment":[{"href":"http:\/\/ns2.serieakademin.se\/en\/wp-json\/wp\/v2\/media?parent=39"}],"curies":[{"name":"wp","href":"https:\/\/api.w.org\/{rel}","templated":true}]}}